{"id":508,"date":"2021-07-09T19:54:54","date_gmt":"2021-07-09T17:54:54","guid":{"rendered":"http:\/\/krio.fr\/?page_id=11"},"modified":"2021-08-24T13:22:17","modified_gmt":"2021-08-24T11:22:17","slug":"lassociation-3p-photo-passion-partage","status":"publish","type":"page","link":"https:\/\/club3p.fr\/index.php\/lassociation-3p-photo-passion-partage\/","title":{"rendered":"L&rsquo;association"},"content":{"rendered":"\n<p class=\"has-text-align-left has-text-color has-background\" style=\"background-color:#111111;color:#3f7ccd;font-size:1.5em\"><em><strong>L&rsquo;association<\/strong><\/em><\/p>\n\n\n\n<figure class=\"wp-block-image size-full is-style-default\"><img loading=\"lazy\" decoding=\"async\" width=\"1200\" height=\"283\" src=\"https:\/\/club3p.fr\/wp-content\/uploads\/2021\/07\/BandeauBandeAmisv3.png\" alt=\"\" class=\"wp-image-344\" srcset=\"https:\/\/club3p.fr\/wp-content\/uploads\/2021\/07\/BandeauBandeAmisv3.png 1200w, https:\/\/club3p.fr\/wp-content\/uploads\/2021\/07\/BandeauBandeAmisv3-300x71.png 300w, https:\/\/club3p.fr\/wp-content\/uploads\/2021\/07\/BandeauBandeAmisv3-1024x241.png 1024w, https:\/\/club3p.fr\/wp-content\/uploads\/2021\/07\/BandeauBandeAmisv3-768x181.png 768w\" sizes=\"auto, (max-width: 1200px) 100vw, 1200px\" \/><\/figure>\n\n\n\n<div class=\"wp-block-group has-background\" style=\"background-color:#03060a\"><div class=\"wp-block-group__inner-container is-layout-flow wp-block-group-is-layout-flow\">\n<div class=\"wp-block-image\"><figure class=\"aligncenter size-large is-resized\"><img loading=\"lazy\" decoding=\"async\" src=\"https:\/\/club3p.fr\/wp-content\/uploads\/2021\/07\/Title_NotreObjectif.png\" alt=\"\" class=\"wp-image-330\" width=\"150\" height=\"42\"\/><\/figure><\/div>\n\n\n\n<p class=\"has-text-align-center has-white-color has-text-color has-background\" style=\"background-color:#03060a;font-size:1em\">Dans une ambiance conviviale, faire \u00e9clore et faire grandir chez les adh\u00e9rents leur passion pour la photographie<\/p>\n<\/div><\/div>\n\n\n\n<div class=\"wp-block-group has-white-color has-text-color has-background\" style=\"background-color:#03060a\"><div class=\"wp-block-group__inner-container is-layout-flow wp-block-group-is-layout-flow\">\n<div class=\"wp-block-image\"><figure class=\"aligncenter size-large is-resized\"><img loading=\"lazy\" decoding=\"async\" src=\"https:\/\/club3p.fr\/wp-content\/uploads\/2021\/07\/Title_Pour_Qui.png\" alt=\"\" class=\"wp-image-331\" width=\"150\" height=\"42\"\/><\/figure><\/div>\n\n\n\n<p class=\"has-text-align-center has-white-color has-text-color has-background\" style=\"background-color:#03060a;font-size:1em\">Tous les passionn\u00e9s, du d\u00e9butant \u00e0 l\u2019expert, sont les bienvenus. Les premiers&nbsp;amenant leur soif de d\u00e9couvrir, les seconds apportant leur&nbsp;savoir-faire.&nbsp;<\/p>\n<\/div><\/div>\n\n\n\n<div class=\"wp-block-group has-white-color has-text-color has-background\" style=\"background-color:#03060a\"><div class=\"wp-block-group__inner-container is-layout-flow wp-block-group-is-layout-flow\">\n<div class=\"wp-block-image\"><figure class=\"aligncenter size-large is-resized\"><img loading=\"lazy\" decoding=\"async\" src=\"https:\/\/club3p.fr\/wp-content\/uploads\/2021\/07\/Title_Comment.png\" alt=\"\" class=\"wp-image-332\" width=\"150\" height=\"42\"\/><\/figure><\/div>\n\n\n\n<div class=\"wp-block-columns is-layout-flex wp-container-core-columns-is-layout-9d6595d7 wp-block-columns-is-layout-flex\">\n<div class=\"wp-block-column is-layout-flow wp-block-column-is-layout-flow\">\n<div class=\"wp-block-group\"><div class=\"wp-block-group__inner-container is-layout-flow wp-block-group-is-layout-flow\">\n<p class=\"has-text-align-center has-text-color has-background\" style=\"background-color:#09111c;color:#3f7ccd;font-size:1em\"><em><strong>Au travers de r\u00e9unions hebdomadaires:<\/strong><\/em><\/p>\n\n\n\n<p class=\"has-text-align-center has-background\" style=\"background-color:#09111c;font-size:1em\"><br><em>Analyse de photos<\/em><br><br><em>Cours th\u00e9oriques et pratiques<\/em><br><br><em>La pr\u00e9paration d&rsquo;\u00e9v\u00e8nements<\/em><br><br><\/p>\n<\/div><\/div>\n<\/div>\n\n\n\n<div class=\"wp-block-column is-layout-flow wp-block-column-is-layout-flow\">\n<div class=\"wp-block-group\"><div class=\"wp-block-group__inner-container is-layout-flow wp-block-group-is-layout-flow\">\n<p class=\"has-text-align-center has-text-color has-background\" style=\"background-color:#09111c;color:#3f7ccd;font-size:1em\"><strong><em>Au travers d\u2019ateliers th\u00e9matiques:<\/em><\/strong><\/p>\n\n\n\n<p class=\"has-text-align-center has-background\" style=\"background-color:#09111c;font-size:1em\"><br>Studio &amp; Eclairage<br>PackShot<br>LightPainting<br>Astro<br>HighSpeed<br><br><br>&#8230;<\/p>\n<\/div><\/div>\n<\/div>\n\n\n\n<div class=\"wp-block-column is-layout-flow wp-block-column-is-layout-flow\">\n<div class=\"wp-block-group\"><div class=\"wp-block-group__inner-container is-layout-flow wp-block-group-is-layout-flow\">\n<p class=\"has-text-align-center has-text-color has-background\" style=\"background-color:#09111c;color:#3f7ccd;font-size:1em\"><strong><em>Au travers de sorties photo:<\/em><\/strong><\/p>\n\n\n\n<p class=\"has-text-align-center has-background\" style=\"background-color:#09111c;font-size:1em\"><br>Urbex<br>Street Photographie<br>Macro<br>Architecture<br>Animalier<br>Visite d&rsquo;expo<br><br>&#8230;<\/p>\n<\/div><\/div>\n<\/div>\n<\/div>\n\n\n\n<div class=\"wp-block-image is-style-default\"><figure class=\"aligncenter size-large is-resized\"><img loading=\"lazy\" decoding=\"async\" src=\"https:\/\/club3p.fr\/wp-content\/uploads\/2021\/07\/Title_NousRejoindre.png\" alt=\"\" class=\"wp-image-375\" width=\"150\" height=\"42\"\/><\/figure><\/div>\n\n\n\n<p class=\"has-text-align-center\" style=\"font-size:1em\">Les r\u00e9unions hebdomadaires se d\u00e9roulent \u00e0 la <strong><span style=\"color:#3f7ccd\" class=\"has-inline-color\">Maison des Familles \u00e0 Lieusaint<\/span><\/strong> de 20h30 \u00e0 22h30 tous les vendredi. <br><br>43 rue de Paris, 77127 Lieusaint<\/p>\n<\/div><\/div>\n\n\n\n<p><\/p>\n","protected":false},"excerpt":{"rendered":"<p>L&rsquo;association Dans une ambiance conviviale, faire \u00e9clore et faire grandir chez les adh\u00e9rents leur passion pour la photographie Tous les passionn\u00e9s, du d\u00e9butant \u00e0 l\u2019expert, sont les bienvenus. Les premiers&nbsp;amenant leur soif de d\u00e9couvrir, les seconds apportant leur&nbsp;savoir-faire.&nbsp; Au travers de r\u00e9unions hebdomadaires: Analyse de photos Cours th\u00e9oriques et pratiques La pr\u00e9paration d&rsquo;\u00e9v\u00e8nements Au travers [&hellip;]<\/p>\n","protected":false},"author":1,"featured_media":0,"parent":0,"menu_order":0,"comment_status":"closed","ping_status":"closed","template":"","meta":{"ngg_post_thumbnail":0,"footnotes":""},"class_list":["post-508","page","type-page","status-publish","hentry","post"],"_links":{"self":[{"href":"https:\/\/club3p.fr\/index.php\/wp-json\/wp\/v2\/pages\/508","targetHints":{"allow":["GET"]}}],"collection":[{"href":"https:\/\/club3p.fr\/index.php\/wp-json\/wp\/v2\/pages"}],"about":[{"href":"https:\/\/club3p.fr\/index.php\/wp-json\/wp\/v2\/types\/page"}],"author":[{"embeddable":true,"href":"https:\/\/club3p.fr\/index.php\/wp-json\/wp\/v2\/users\/1"}],"replies":[{"embeddable":true,"href":"https:\/\/club3p.fr\/index.php\/wp-json\/wp\/v2\/comments?post=508"}],"version-history":[{"count":4,"href":"https:\/\/club3p.fr\/index.php\/wp-json\/wp\/v2\/pages\/508\/revisions"}],"predecessor-version":[{"id":705,"href":"https:\/\/club3p.fr\/index.php\/wp-json\/wp\/v2\/pages\/508\/revisions\/705"}],"wp:attachment":[{"href":"https:\/\/club3p.fr\/index.php\/wp-json\/wp\/v2\/media?parent=508"}],"curies":[{"name":"wp","href":"https:\/\/api.w.org\/{rel}","templated":true}]}}