{"id":381,"date":"2021-07-18T22:10:14","date_gmt":"2021-07-18T20:10:14","guid":{"rendered":"http:\/\/krio.fr\/?page_id=381"},"modified":"2021-09-12T18:02:24","modified_gmt":"2021-09-12T16:02:24","slug":"nous-rejoindre","status":"publish","type":"page","link":"https:\/\/club3p.fr\/index.php\/nous-rejoindre\/","title":{"rendered":"Nous situer"},"content":{"rendered":"\n<div class=\"wp-block-image is-style-default\"><figure class=\"aligncenter size-large is-resized\"><img loading=\"lazy\" decoding=\"async\" src=\"https:\/\/club3p.fr\/wp-content\/uploads\/2021\/07\/Title_NousSituer.png\" alt=\"\" class=\"wp-image-393\" width=\"225\" height=\"62\"\/><\/figure><\/div>\n\n\n\n<div class=\"wp-block-columns is-layout-flex wp-container-core-columns-is-layout-9d6595d7 wp-block-columns-is-layout-flex\">\n<div class=\"wp-block-column is-vertically-aligned-center is-layout-flow wp-block-column-is-layout-flow\">\n<p class=\"has-text-align-center\" style=\"font-size:1.2em\">Nos s\u00e9ances hebdomadaires se d\u00e9roulent tous les vendredi de 20h30 \u00e0 22h30 au : <br>Centre Social &#8211; <strong><span style=\"color:#3f7ccd\" class=\"has-inline-color\">Salle Familiale<\/span><\/strong><br>43 rue de Paris &#8211; 77127 LIEUSAINT. <\/p>\n<\/div>\n\n\n\n<div class=\"wp-block-column is-layout-flow wp-block-column-is-layout-flow\">\n<div class=\"wp-block-image\"><figure class=\"alignleft size-large is-resized\"><img loading=\"lazy\" decoding=\"async\" src=\"https:\/\/club3p.fr\/wp-content\/uploads\/2021\/08\/Acces-1024x339.png\" alt=\"\" class=\"wp-image-763\" width=\"425\" height=\"140\" srcset=\"https:\/\/club3p.fr\/wp-content\/uploads\/2021\/08\/Acces-1024x339.png 1024w, https:\/\/club3p.fr\/wp-content\/uploads\/2021\/08\/Acces-300x99.png 300w, https:\/\/club3p.fr\/wp-content\/uploads\/2021\/08\/Acces-768x254.png 768w, https:\/\/club3p.fr\/wp-content\/uploads\/2021\/08\/Acces-1536x508.png 1536w, https:\/\/club3p.fr\/wp-content\/uploads\/2021\/08\/Acces-2048x677.png 2048w\" sizes=\"auto, (max-width: 425px) 100vw, 425px\" \/><\/figure><\/div>\n<\/div>\n<\/div>\n\n\n\n<div class=\"wp-block-image\"><figure class=\"aligncenter size-large\"><img loading=\"lazy\" decoding=\"async\" width=\"1024\" height=\"678\" src=\"https:\/\/club3p.fr\/wp-content\/uploads\/2021\/09\/PLAN_ACCESS-1024x678.jpg\" alt=\"\" class=\"wp-image-797\" srcset=\"https:\/\/club3p.fr\/wp-content\/uploads\/2021\/09\/PLAN_ACCESS-1024x678.jpg 1024w, https:\/\/club3p.fr\/wp-content\/uploads\/2021\/09\/PLAN_ACCESS-300x199.jpg 300w, https:\/\/club3p.fr\/wp-content\/uploads\/2021\/09\/PLAN_ACCESS-768x508.jpg 768w, https:\/\/club3p.fr\/wp-content\/uploads\/2021\/09\/PLAN_ACCESS.jpg 1500w\" sizes=\"auto, (max-width: 1024px) 100vw, 1024px\" \/><\/figure><\/div>\n","protected":false},"excerpt":{"rendered":"<p>Nos s\u00e9ances hebdomadaires se d\u00e9roulent tous les vendredi de 20h30 \u00e0 22h30 au : Centre Social &#8211; Salle Familiale43 rue de Paris &#8211; 77127 LIEUSAINT.<\/p>\n","protected":false},"author":1,"featured_media":0,"parent":0,"menu_order":0,"comment_status":"closed","ping_status":"closed","template":"home-panels.php","meta":{"ngg_post_thumbnail":0,"footnotes":""},"class_list":["post-381","page","type-page","status-publish","hentry","post"],"_links":{"self":[{"href":"https:\/\/club3p.fr\/index.php\/wp-json\/wp\/v2\/pages\/381","targetHints":{"allow":["GET"]}}],"collection":[{"href":"https:\/\/club3p.fr\/index.php\/wp-json\/wp\/v2\/pages"}],"about":[{"href":"https:\/\/club3p.fr\/index.php\/wp-json\/wp\/v2\/types\/page"}],"author":[{"embeddable":true,"href":"https:\/\/club3p.fr\/index.php\/wp-json\/wp\/v2\/users\/1"}],"replies":[{"embeddable":true,"href":"https:\/\/club3p.fr\/index.php\/wp-json\/wp\/v2\/comments?post=381"}],"version-history":[{"count":10,"href":"https:\/\/club3p.fr\/index.php\/wp-json\/wp\/v2\/pages\/381\/revisions"}],"predecessor-version":[{"id":802,"href":"https:\/\/club3p.fr\/index.php\/wp-json\/wp\/v2\/pages\/381\/revisions\/802"}],"wp:attachment":[{"href":"https:\/\/club3p.fr\/index.php\/wp-json\/wp\/v2\/media?parent=381"}],"curies":[{"name":"wp","href":"https:\/\/api.w.org\/{rel}","templated":true}]}}