{"id":1869,"date":"2025-08-27T19:31:27","date_gmt":"2025-08-27T17:31:27","guid":{"rendered":"https:\/\/club3p.fr\/?page_id=1869"},"modified":"2025-08-27T19:31:28","modified_gmt":"2025-08-27T17:31:28","slug":"adhesion-saison-2025-2026","status":"publish","type":"page","link":"https:\/\/club3p.fr\/index.php\/adhesion-saison-2025-2026\/","title":{"rendered":"Adh\u00e9sion saison 2025-2026"},"content":{"rendered":"\n<p><strong>Vous souhaitez rejoindre l&rsquo;Association 3P Photo Passion Partage ?<\/strong><\/p>\n\n\n<div class=\"wp-block-image\">\n<figure class=\"alignleft size-medium\"><img loading=\"lazy\" decoding=\"async\" width=\"300\" height=\"217\" src=\"https:\/\/club3p.fr\/wp-content\/uploads\/2024\/08\/RDV07-09-300x217.jpg\" alt=\"\" class=\"wp-image-1642\" srcset=\"https:\/\/club3p.fr\/wp-content\/uploads\/2024\/08\/RDV07-09-300x217.jpg 300w, https:\/\/club3p.fr\/wp-content\/uploads\/2024\/08\/RDV07-09.jpg 679w\" sizes=\"auto, (max-width: 300px) 100vw, 300px\" \/><\/figure><\/div>\n\n\n<p class=\"has-text-align-left\">Rendez-vous le <strong>6 septembre 2024 \u00e0 partir de 9h00<\/strong> pour l&rsquo;ouverture de la campagne d&rsquo;adh\u00e9sions 2024-2025.<br><br><strong>Adh\u00e9sions exclusivement en ligne<\/strong><\/p>\n\n\n\n<p class=\"has-vivid-red-color has-text-color has-link-color has-medium-font-size wp-elements-874052fbdc88abcc0560e30cc6435601\"><strong><em>Attention : places limit\u00e9es !<\/em><\/strong> <\/p>\n","protected":false},"excerpt":{"rendered":"<p>Vous souhaitez rejoindre l&rsquo;Association 3P Photo Passion Partage ? Rendez-vous le 6 septembre 2024 \u00e0 partir de 9h00 pour l&rsquo;ouverture de la campagne d&rsquo;adh\u00e9sions 2024-2025. Adh\u00e9sions exclusivement en ligne Attention : places limit\u00e9es !<\/p>\n","protected":false},"author":1,"featured_media":0,"parent":0,"menu_order":0,"comment_status":"closed","ping_status":"closed","template":"","meta":{"ngg_post_thumbnail":0,"footnotes":""},"class_list":["post-1869","page","type-page","status-publish","hentry","post"],"_links":{"self":[{"href":"https:\/\/club3p.fr\/index.php\/wp-json\/wp\/v2\/pages\/1869","targetHints":{"allow":["GET"]}}],"collection":[{"href":"https:\/\/club3p.fr\/index.php\/wp-json\/wp\/v2\/pages"}],"about":[{"href":"https:\/\/club3p.fr\/index.php\/wp-json\/wp\/v2\/types\/page"}],"author":[{"embeddable":true,"href":"https:\/\/club3p.fr\/index.php\/wp-json\/wp\/v2\/users\/1"}],"replies":[{"embeddable":true,"href":"https:\/\/club3p.fr\/index.php\/wp-json\/wp\/v2\/comments?post=1869"}],"version-history":[{"count":2,"href":"https:\/\/club3p.fr\/index.php\/wp-json\/wp\/v2\/pages\/1869\/revisions"}],"predecessor-version":[{"id":1884,"href":"https:\/\/club3p.fr\/index.php\/wp-json\/wp\/v2\/pages\/1869\/revisions\/1884"}],"wp:attachment":[{"href":"https:\/\/club3p.fr\/index.php\/wp-json\/wp\/v2\/media?parent=1869"}],"curies":[{"name":"wp","href":"https:\/\/api.w.org\/{rel}","templated":true}]}}